{"id":285,"date":"2023-11-03T11:21:45","date_gmt":"2023-11-03T11:21:45","guid":{"rendered":"https:\/\/hyundai-electro.com\/?page_id=285"},"modified":"2024-12-04T12:44:24","modified_gmt":"2024-12-04T11:44:24","slug":"politica-cookies","status":"publish","type":"page","link":"https:\/\/hyundai-electro.com\/pt\/politica-cookies\/","title":{"rendered":"Pol\u00edtica de Cookies"},"content":{"rendered":"<p>[et_pb_section fb_built=&#8221;1&#8243; _builder_version=&#8221;4.23.1&#8243; _module_preset=&#8221;default&#8221; global_colors_info=&#8221;{}&#8221;][et_pb_row _builder_version=&#8221;4.23.1&#8243; _module_preset=&#8221;default&#8221; global_colors_info=&#8221;{}&#8221;][et_pb_column type=&#8221;4_4&#8243; _builder_version=&#8221;4.23.1&#8243; _module_preset=&#8221;default&#8221; global_colors_info=&#8221;{}&#8221;][et_pb_text _builder_version=&#8221;4.27.4&#8243; _module_preset=&#8221;default&#8221; hover_enabled=&#8221;0&#8243; global_colors_info=&#8221;{}&#8221; sticky_enabled=&#8221;0&#8243;]<\/p>\n<h1><span style=\"text-decoration: underline;\"><strong>POL\u00cdTICA<\/strong> <strong>DE<\/strong> <strong>COOKIES<\/strong><\/span><\/h1>\n<h2><\/h2>\n<h2>\u00bfQu\u00e9 son las cookies?<\/h2>\n<p>Las cookies son archivos que se pueden descargar en su equipo a trav\u00e9s de las p\u00e1ginas web. Son herramientas que tienen un papel esencial para la prestaci\u00f3n de numerosos servicios de la sociedad de la informaci\u00f3n. Entre otros, permiten a una p\u00e1gina web almacenar y recuperar informaci\u00f3n sobre los h\u00e1bitos de navegaci\u00f3n de un usuario o de su equipo y, dependiendo de la informaci\u00f3n obtenida, se pueden utilizar para reconocer al usuario y mejorar el servicio ofrecido.<\/p>\n<h2>Tipos de cookies<\/h2>\n<p>Existen diferentes criterios que nos permiten clasificar las cookies.<\/p>\n<p>Seg\u00fan quien sea la entidad que gestione el dominio desde donde se env\u00edan las cookies y trate los datos que se obtengan se pueden distinguir dos tipos:<\/p>\n<ul>\n<li><strong>Cookies propias<\/strong>: aqu\u00e9llas que se env\u00edan al equipo terminal del usuario desde un equipo o dominio gestionado por el propio editor y desde el que se presta el servicio solicitado por el usuario.<\/li>\n<\/ul>\n<ul>\n<li><strong>Cookies de terceros<\/strong>: son aquellas de las que es responsable una entidad distinta del editor y que, generalmente, se env\u00edan al equipo terminal del usuario desde un equipo o dominio que no es gestionado por el editor, sino por otra entidad que trata los datos obtenidos a trav\u00e9s de las Son consideradas cookies de terceros, adem\u00e1s, aquellas que, aunque se encuentren instaladas en el dominio propio del editor, la informaci\u00f3n recogida por ellas es tratada por un tercero.<\/li>\n<\/ul>\n<p>Seg\u00fan el plazo de tiempo que permanecen almacenadas en el navegador del cliente, pudiendo tratarse de:<\/p>\n<ul>\n<li><strong>Cookies de sesi\u00f3n<\/strong>: dise\u00f1adas para recabar y almacenar datos mientras el usuario accede a una p\u00e1gina Se suelen emplear para almacenar informaci\u00f3n que solo interesa conservar para la prestaci\u00f3n del servicio solicitado por el usuario en una sola ocasi\u00f3n (p.e. una lista de productos adquiridos).<\/li>\n<\/ul>\n<ul>\n<li><strong>Cookies persistentes<\/strong>: los datos siguen almacenados en el terminal y pueden ser accedidos y tratados durante un periodo definido por el responsable de la cookie, y que puede ir de unos minutos a varios a\u00f1os.<\/li>\n<\/ul>\n<p>Seg\u00fan la finalidad para la que se traten los datos obtenidos:<\/p>\n<ul>\n<li><strong>Cookies t\u00e9cnicas<\/strong>: aquellas que permiten al usuario la navegaci\u00f3n a trav\u00e9s de una p\u00e1gina web, plataforma o aplicaci\u00f3n y la utilizaci\u00f3n de las diferentes opciones o servicios que en ella existan como, por ejemplo, controlar el tr\u00e1fico y la comunicaci\u00f3n de datos, identificar la sesi\u00f3n, acceder a partes de acceso restringido, utilizar elementos de seguridad durante la navegaci\u00f3n, almacenar contenidos para la difusi\u00f3n de v\u00eddeos o sonido, habilitar contenidos din\u00e1micos (por ejemplo, animaci\u00f3n de carga de un texto o imagen) o compartir contenidos a trav\u00e9s de redes sociales.<\/li>\n<\/ul>\n<ul>\n<li><strong>Cookies <\/strong><strong>de preferencias o personalizaci\u00f3n<\/strong>: permiten al usuario acceder al servicio con algunas caracter\u00edsticas de car\u00e1cter general predefinidas en funci\u00f3n de una serie de criterios en el terminal del usuario como por ejemplo serian el idioma, el tipo de navegador a trav\u00e9s del cual accede al servicio, la configuraci\u00f3n regional desde donde accede al servicio, entre otros.<\/li>\n<\/ul>\n<ul>\n<li><strong>Cookies de an\u00e1lisis<\/strong>: permiten al responsable de las mismas, el seguimiento y an\u00e1lisis del comportamiento de los usuarios de los sitios web a los que est\u00e1n La informaci\u00f3n recogida mediante este tipo de cookies se utiliza en la medici\u00f3n de la actividad de los sitios web, aplicaci\u00f3n o plataforma y para la elaboraci\u00f3n de perfiles de navegaci\u00f3n de los usuarios de dichos sitios, aplicaciones y plataformas, con el fin de introducir mejoras en funci\u00f3n del an\u00e1lisis de los datos de uso que hacen los usuarios del servicio.<\/li>\n<\/ul>\n<ul>\n<li><strong>Cookies publicitarias<\/strong>: permiten la gesti\u00f3n, de la forma m\u00e1s eficaz posible, de los espacios publicitarios.<\/li>\n<\/ul>\n<ul>\n<li><strong>Cookies de publicidad comportamental<\/strong>: almacenan informaci\u00f3n del comportamiento de los usuarios obtenida a trav\u00e9s de la observaci\u00f3n continuada de sus h\u00e1bitos de navegaci\u00f3n, lo que permite desarrollar un perfil espec\u00edfico para mostrar publicidad en funci\u00f3n del mismo.<\/li>\n<\/ul>\n<ul>\n<li><strong>Cookies de redes sociales externas<\/strong>: se utilizan para que los visitantes puedan interactuar con el contenido de diferentes plataformas sociales (facebook, youtube, twitter, linkedIn, etc.) y que se generen \u00fanicamente para los usuarios de dichas redes sociales. Las condiciones de utilizaci\u00f3n de estas cookies y la informaci\u00f3n recopilada se regulan por la pol\u00edtica de privacidad de la plataforma social correspondiente.<\/li>\n<\/ul>\n<h2>Cookies utilizadas<\/h2>\n<p><strong>\u00a0<\/strong><\/p>\n<table>\n<tbody>\n<tr>\n<td width=\"160\"><strong>Nombre<\/strong><\/td>\n<td width=\"142\"><strong>Vencimiento<\/strong><\/td>\n<td width=\"271\"><strong>Descripci\u00f3n<\/strong><\/td>\n<\/tr>\n<tr>\n<td width=\"160\">_ga<\/td>\n<td width=\"142\">2 a\u00f1os<\/td>\n<td width=\"271\">\n<p><span style=\"font-weight: 400;\">Se usa para distinguir a los usuarios <\/span><\/p>\n<\/td>\n<\/tr>\n<tr>\n<td width=\"160\">Moove _gdpr_popup<\/td>\n<td width=\"142\">365 d\u00edas<\/td>\n<td width=\"271\">Cookie que contiene el valor de si se han aceptado la instalaci\u00f3n de cookies.<\/td>\n<\/tr>\n<tr>\n<td>Collect<\/td>\n<td>Sesi\u00f3n<\/td>\n<td>Se usa para enviar datos a Google Analytics sobre el dispositivo del<br \/>visitante y su comportamiento.<\/td>\n<\/tr>\n<tr>\n<td>_gat<\/td>\n<td>1 d\u00eda<\/td>\n<td>Utilizado por Google Analytics para controlar la tasa de peticiones.<\/td>\n<\/tr>\n<tr>\n<td>_gid<\/td>\n<td>1 d\u00eda<\/td>\n<td>Registra una identificaci\u00f3n \u00fanica que se utiliza para generar datos estad\u00edsticos acerca de c\u00f3mo utiliza el visitante el sitio web.<\/td>\n<\/tr>\n<\/tbody>\n<\/table>\n<p><strong>\u00a0<\/strong><\/p>\n<h2>Cookies Google Ads Manager<\/h2>\n<p>El usuario puede consultar las cookies que utiliza Google Ads Manager a trav\u00e9s del siguiente enlace: <a href=\"https:\/\/policies.google.com\/technologies\/cookies#types-of-cookies\" target=\"_blank\" rel=\"noopener\">C\u00f3mo utiliza Google las cookies \u2013 Privacidad y Condiciones \u2013 Google<\/a><\/p>\n<p>&nbsp;<\/p>\n<h2>Gestionar preferencias de cookies<\/h2>\n<p>El usuario podr\u00e1 en cualquier momento elegir qu\u00e9 cookies quiere que funcionen en este sitio web, sin perjuicio de que, al desactivarlas, algunos de los servicios disponibles podr\u00edan dejar de estar operativos.<\/p>\n<p>El usuario puede permitir, bloquear o eliminar las cookies instaladas en su equipo mediante la configuraci\u00f3n de las opciones del navegador instalado en su ordenador:<\/p>\n<ul>\n<li>Internet Explorer &gt; Herramientas &gt; Opciones de Internet &gt; Privacidad &gt; Configuraci\u00f3n.<\/li>\n<\/ul>\n<p>Para m\u00e1s informaci\u00f3n, puede consultar el soporte de Microsoft o la Ayuda del navegador.<\/p>\n<ul>\n<li>Microsoft Edge &gt; Configuraci\u00f3n y m\u00e1s &gt; Configuraci\u00f3n &gt; Borrar datos de exploraci\u00f3n.<\/li>\n<\/ul>\n<ul>\n<li>Firefox &gt; Herramientas &gt; Opciones &gt; Privacidad &gt; Historial &gt; Configuraci\u00f3n personalizada.<\/li>\n<\/ul>\n<ul>\n<li>Chrome &gt; Configuraci\u00f3n &gt; Configuraci\u00f3n avanzada &gt; Privacidad y seguridad &gt; Borrar datos de navegaci\u00f3n.<\/li>\n<\/ul>\n<ul>\n<li>Safari &gt; Preferencias &gt; Seguridad.<\/li>\n<\/ul>\n<p>Para m\u00e1s informaci\u00f3n, puede consultar el soporte de Apple o la Ayuda del navegador.<\/p>\n<p>El usuario puede, desde la propia p\u00e1gina web:<\/p>\n<ul>\n<li>Aceptar la totalidad de las cookies<\/li>\n<li>Aceptar las cookies esenciales para denegar todas las cookies excepto aquellas imprescindibles.<\/li>\n<li>Configurar las cookies y seleccionar solo aquellas que desee permitir en su navegador.<\/li>\n<\/ul>\n<p>&nbsp;<\/p>\n<p>[\/et_pb_text][\/et_pb_column][\/et_pb_row][\/et_pb_section]<\/p>\n","protected":false},"excerpt":{"rendered":"<p>POL\u00cdTICA DE COOKIES \u00bfQu\u00e9 son las cookies? Las cookies son archivos que se pueden descargar en su equipo a trav\u00e9s de las p\u00e1ginas web. Son herramientas que tienen un papel esencial para la prestaci\u00f3n de numerosos servicios de la sociedad de la informaci\u00f3n. Entre otros, permiten a una p\u00e1gina web almacenar y recuperar informaci\u00f3n sobre [&hellip;]<\/p>\n","protected":false},"author":4,"featured_media":0,"parent":0,"menu_order":101,"comment_status":"closed","ping_status":"closed","template":"","meta":{"_acf_changed":false,"_et_pb_use_builder":"on","_et_pb_old_content":"","_et_gb_content_width":"","footnotes":""},"dipi_cpt_category":[],"class_list":["post-285","page","type-page","status-publish","hentry"],"acf":[],"_links":{"self":[{"href":"https:\/\/hyundai-electro.com\/pt\/wp-json\/wp\/v2\/pages\/285","targetHints":{"allow":["GET"]}}],"collection":[{"href":"https:\/\/hyundai-electro.com\/pt\/wp-json\/wp\/v2\/pages"}],"about":[{"href":"https:\/\/hyundai-electro.com\/pt\/wp-json\/wp\/v2\/types\/page"}],"author":[{"embeddable":true,"href":"https:\/\/hyundai-electro.com\/pt\/wp-json\/wp\/v2\/users\/4"}],"replies":[{"embeddable":true,"href":"https:\/\/hyundai-electro.com\/pt\/wp-json\/wp\/v2\/comments?post=285"}],"version-history":[{"count":1,"href":"https:\/\/hyundai-electro.com\/pt\/wp-json\/wp\/v2\/pages\/285\/revisions"}],"predecessor-version":[{"id":25579440,"href":"https:\/\/hyundai-electro.com\/pt\/wp-json\/wp\/v2\/pages\/285\/revisions\/25579440"}],"wp:attachment":[{"href":"https:\/\/hyundai-electro.com\/pt\/wp-json\/wp\/v2\/media?parent=285"}],"wp:term":[{"taxonomy":"dipi_cpt_category","embeddable":true,"href":"https:\/\/hyundai-electro.com\/pt\/wp-json\/wp\/v2\/dipi_cpt_category?post=285"}],"curies":[{"name":"wp","href":"https:\/\/api.w.org\/{rel}","templated":true}]}}